{"id":51,"date":"2025-04-11T19:00:44","date_gmt":"2025-04-11T22:00:44","guid":{"rendered":"https:\/\/vsystem.net.br\/site\/?page_id=51"},"modified":"2025-04-17T16:51:18","modified_gmt":"2025-04-17T19:51:18","slug":"solucoes","status":"publish","type":"page","link":"http:\/\/vsystem.net.br\/site\/index.php\/solucoes\/","title":{"rendered":"Solu\u00e7\u00f5es"},"content":{"rendered":"\n<h2 class=\"wp-block-heading has-text-align-center\">Nossos Produtos e Servi\u00e7os<\/h2>\n\n\n\n<div style=\"height:21px\" aria-hidden=\"true\" class=\"wp-block-spacer\"><\/div>\n\n\n\n<p class=\"has-text-align-center\">Nossos produtos e servi\u00e7os s\u00e3o desenvolvidos com a maior qualidade de acordo com a necessidade da sua empresa, com o intuito de melhorar a comunica\u00e7\u00e3o da sua organiza\u00e7\u00e3o e organizar dados importantes de forma correta. Confira algumas de nossas solu\u00e7\u00f5es.<\/p>\n\n\n\n<div style=\"height:40px\" aria-hidden=\"true\" class=\"wp-block-spacer\"><\/div>\n\n\n\n<h2 class=\"wp-block-heading has-text-align-center\">Plataforma PANDA<\/h2>\n\n\n<div class=\"wp-block-image\">\n<figure class=\"aligncenter size-full\"><img loading=\"lazy\" decoding=\"async\" width=\"1370\" height=\"768\" src=\"http:\/\/vsystem.net.br\/site\/wp-content\/uploads\/2025\/04\/PANDA-1.png\" alt=\"\" class=\"wp-image-39\"\/><\/figure><\/div>\n\n\n<div style=\"height:65px\" aria-hidden=\"true\" class=\"wp-block-spacer\"><\/div>\n\n\n\n<h2 class=\"wp-block-heading has-text-align-center\">VS Educacional<\/h2>\n\n\n\n<div style=\"height:14px\" aria-hidden=\"true\" class=\"wp-block-spacer\"><\/div>\n\n\n\n<p class=\"has-text-align-center\">O VS Educacional \u00e9 um sistema para aproximar os respons\u00e1veis, estudantes e escola. O sistema \u00e9 dividido em perfis de acessos, cada perfil com as suas funcionalidades especificas e gen\u00e9ricas.<\/p>\n\n\n\n<p><\/p>\n\n\n\n<div class=\"wp-block-group is-nowrap is-layout-flex wp-container-core-group-is-layout-ad2f72ca wp-block-group-is-layout-flex\">\n<figure class=\"wp-block-image size-full\"><img loading=\"lazy\" decoding=\"async\" width=\"5000\" height=\"3334\" src=\"http:\/\/vsystem.net.br\/site\/wp-content\/uploads\/2025\/04\/Mockoup.png\" alt=\"\" class=\"wp-image-36\"\/><\/figure>\n\n\n\n<p><a href=\"https:\/\/vsystem.net.br\/site\/index.php\/solucoes\/\" target=\"_blank\" rel=\"noreferrer noopener\"><\/a><\/p>\n<\/div>\n\n\n\n<div style=\"height:27px\" aria-hidden=\"true\" class=\"wp-block-spacer\"><\/div>\n\n\n\n<h2 class=\"wp-block-heading has-text-align-center\">Ouvidoria Virtual<\/h2>\n\n\n\n<div style=\"height:23px\" aria-hidden=\"true\" class=\"wp-block-spacer\"><\/div>\n\n\n\n<p class=\"has-text-align-center\">O sistema foi projetado para adaptar-se a Ouvidorias de diversos segmentos, sendo eles p\u00fablicos ou privados, al\u00e9m de permitir que o trabalho seja realizado de forma independente ou sob um conceito de Rede de Ouvidorias, onde temos a representa\u00e7\u00e3o de uma entidade central no sistema, que monitora todo o processo e realiza an\u00e1lises quantitativas e qualitativas acerca do trabalho de toda a rede.<\/p>\n\n\n<div class=\"wp-block-image\">\n<figure class=\"aligncenter size-full\"><img loading=\"lazy\" decoding=\"async\" width=\"1024\" height=\"284\" src=\"http:\/\/vsystem.net.br\/site\/wp-content\/uploads\/2025\/04\/Ouvidoria-Virtual.png\" alt=\"\" class=\"wp-image-35\"\/><\/figure><\/div>\n\n\n<div style=\"height:100px\" aria-hidden=\"true\" class=\"wp-block-spacer\"><\/div>\n\n\n\n<p><\/p>\n\n\n\n<p class=\"has-text-align-center\">Estamos esperando seu contato!<\/p>\n\n\n\n<p><\/p>\n\n\n\n<p><\/p>\n","protected":false},"excerpt":{"rendered":"<p>Nossos Produtos e Servi\u00e7os Nossos produtos e servi\u00e7os s\u00e3o desenvolvidos com a maior qualidade de acordo com a necessidade da sua empresa, com o intuito de melhorar a comunica\u00e7\u00e3o da sua organiza\u00e7\u00e3o e organizar dados importantes de forma correta. Confira algumas de nossas solu\u00e7\u00f5es. Plataforma PANDA VS Educacional O VS Educacional \u00e9 um sistema para [&hellip;]<\/p>\n","protected":false},"author":1,"featured_media":0,"parent":0,"menu_order":0,"comment_status":"closed","ping_status":"closed","template":"","meta":{"footnotes":""},"class_list":["post-51","page","type-page","status-publish","hentry"],"_links":{"self":[{"href":"http:\/\/vsystem.net.br\/site\/index.php\/wp-json\/wp\/v2\/pages\/51","targetHints":{"allow":["GET"]}}],"collection":[{"href":"http:\/\/vsystem.net.br\/site\/index.php\/wp-json\/wp\/v2\/pages"}],"about":[{"href":"http:\/\/vsystem.net.br\/site\/index.php\/wp-json\/wp\/v2\/types\/page"}],"author":[{"embeddable":true,"href":"http:\/\/vsystem.net.br\/site\/index.php\/wp-json\/wp\/v2\/users\/1"}],"replies":[{"embeddable":true,"href":"http:\/\/vsystem.net.br\/site\/index.php\/wp-json\/wp\/v2\/comments?post=51"}],"version-history":[{"count":11,"href":"http:\/\/vsystem.net.br\/site\/index.php\/wp-json\/wp\/v2\/pages\/51\/revisions"}],"predecessor-version":[{"id":100,"href":"http:\/\/vsystem.net.br\/site\/index.php\/wp-json\/wp\/v2\/pages\/51\/revisions\/100"}],"wp:attachment":[{"href":"http:\/\/vsystem.net.br\/site\/index.php\/wp-json\/wp\/v2\/media?parent=51"}],"curies":[{"name":"wp","href":"https:\/\/api.w.org\/{rel}","templated":true}]}}